{"id":3,"date":"2022-10-27T20:48:02","date_gmt":"2022-10-27T12:48:02","guid":{"rendered":"http:\/\/www.lzctechnology.com\/?page_id=3"},"modified":"2025-07-08T15:22:06","modified_gmt":"2025-07-08T07:22:06","slug":"privacy-policy","status":"publish","type":"page","link":"https:\/\/www.lzctechnology.com\/de\/privacy-policy\/","title":{"rendered":"Datenschutzbestimmungen"},"content":{"rendered":"<p>Diese Datenschutzrichtlinie beschreibt, wie wir mit Ihren pers\u00f6nlichen Daten umgehen. Durch die Nutzung von https:\/\/www.lzctechnology.com (der \"Website\") erkl\u00e4ren Sie sich mit der Speicherung, Verarbeitung, \u00dcbertragung und Offenlegung Ihrer personenbezogenen Daten wie in dieser Datenschutzerkl\u00e4rung beschrieben einverstanden.<\/p>\r\n<p>Sammlung<br \/>Sie k\u00f6nnen auf dieser Website surfen, ohne pers\u00f6nliche Informationen \u00fcber sich selbst anzugeben. Wenn Sie jedoch Benachrichtigungen und Aktualisierungen erhalten oder zus\u00e4tzliche Informationen \u00fcber https:\/\/www.lzctechnology.com\/ oder diese Website anfordern m\u00f6chten, k\u00f6nnen wir die folgenden Informationen erfassen:<br \/>Name, Kontaktinformationen, E-Mail-Adresse, Unternehmens- und Benutzer-ID; an uns oder von uns gesendete Korrespondenz; alle zus\u00e4tzlichen Informationen, die Sie uns zur Verf\u00fcgung stellen; und andere Informationen aus Ihrer Interaktion mit unserer Website, unseren Dienstleistungen, Inhalten und Werbung, einschlie\u00dflich Computer- und Verbindungsinformationen, Statistiken \u00fcber Seitenaufrufe, Datenverkehr zur und von der Website, Anzeigendaten, IP-Adresse und Standard-Webprotokollinformationen.<br \/>Wenn Sie sich entscheiden, uns personenbezogene Daten zur Verf\u00fcgung zu stellen, erkl\u00e4ren Sie sich mit der \u00dcbertragung und Speicherung dieser Daten auf unseren Servern in den Vereinigten Staaten einverstanden.<\/p>\r\n<p>Verwenden Sie<br \/>Wir verwenden Ihre pers\u00f6nlichen Daten, um Ihnen die von Ihnen angeforderten Dienste zur Verf\u00fcgung zu stellen, mit Ihnen zu kommunizieren, Probleme zu beheben, Ihre Erfahrungen anzupassen, Sie \u00fcber unsere Dienste und Website-Updates zu informieren und das Interesse an unseren Websites und Diensten zu messen.<\/p>\r\n<p>Offenlegung<br \/>Wir verkaufen oder vermieten Ihre pers\u00f6nlichen Daten nicht an Dritte f\u00fcr deren Marketingzwecke ohne Ihre ausdr\u00fcckliche Zustimmung. Wir k\u00f6nnen personenbezogene Daten offenlegen, um auf gesetzliche Anforderungen zu reagieren, unsere Richtlinien durchzusetzen, auf Klagen zu reagieren, dass ein Posting oder ein anderer Inhalt die Rechte anderer verletzt, oder um die Rechte, das Eigentum oder die Sicherheit anderer zu sch\u00fctzen. Solche Informationen werden in \u00dcbereinstimmung mit den geltenden Gesetzen und Vorschriften offengelegt. Wir k\u00f6nnen personenbezogene Daten auch an Dienstleister weitergeben, die uns bei unseren Gesch\u00e4ftsabl\u00e4ufen unterst\u00fctzen, sowie an Mitglieder unserer Unternehmensfamilie, die gemeinsame Inhalte und Dienste bereitstellen und uns bei der Aufdeckung und Verhinderung potenziell illegaler Handlungen helfen k\u00f6nnen. Sollten wir einen Zusammenschluss oder eine \u00dcbernahme durch ein anderes Unternehmen planen, k\u00f6nnen wir personenbezogene Daten an das andere Unternehmen weitergeben und werden verlangen, dass das neue kombinierte Unternehmen diese Datenschutzrichtlinie in Bezug auf Ihre personenbezogenen Daten befolgt.<\/p>\r\n<p>Zugang<br \/>Sie k\u00f6nnen die pers\u00f6nlichen Daten, die Sie uns zur Verf\u00fcgung gestellt haben, jederzeit abrufen oder aktualisieren, indem Sie sich an uns wenden: liaoxueyao@akbula.com<br \/>Wir behandeln Informationen als ein Gut, das gesch\u00fctzt werden muss, und verwenden viele Instrumente, um Ihre pers\u00f6nlichen Daten vor unbefugtem Zugriff und Offenlegung zu sch\u00fctzen. Wie Sie jedoch wahrscheinlich wissen, k\u00f6nnen Dritte unrechtm\u00e4\u00dfig \u00dcbertragungen oder private Mitteilungen abfangen oder darauf zugreifen. Obwohl wir uns sehr bem\u00fchen, Ihre Privatsph\u00e4re zu sch\u00fctzen, k\u00f6nnen wir Ihnen nicht versprechen, dass Ihre pers\u00f6nlichen Daten oder Ihre private Kommunikation immer privat bleiben.<\/p>\r\n<p>Allgemein<br \/>Wir k\u00f6nnen diese Richtlinie jederzeit aktualisieren, indem wir ge\u00e4nderte Bedingungen auf dieser Website ver\u00f6ffentlichen. Alle ge\u00e4nderten Bestimmungen treten automatisch 30 Tage nach ihrer Ver\u00f6ffentlichung auf der Website in Kraft. Bei Fragen zu dieser Richtlinie senden Sie bitte eine E-Mail an uns.<\/p>","protected":false},"excerpt":{"rendered":"<p>This privacy policy describes how we handle your personal information. By using https:\/\/www.lzctechnology.com (the &#8220;Site&#8221;) you consent to the storage,<\/p>","protected":false},"author":1,"featured_media":0,"parent":0,"menu_order":0,"comment_status":"closed","ping_status":"closed","template":"","meta":{"footnotes":""},"class_list":["post-3","page","type-page","status-publish","hentry"],"_links":{"self":[{"href":"https:\/\/www.lzctechnology.com\/de\/wp-json\/wp\/v2\/pages\/3","targetHints":{"allow":["GET"]}}],"collection":[{"href":"https:\/\/www.lzctechnology.com\/de\/wp-json\/wp\/v2\/pages"}],"about":[{"href":"https:\/\/www.lzctechnology.com\/de\/wp-json\/wp\/v2\/types\/page"}],"author":[{"embeddable":true,"href":"https:\/\/www.lzctechnology.com\/de\/wp-json\/wp\/v2\/users\/1"}],"replies":[{"embeddable":true,"href":"https:\/\/www.lzctechnology.com\/de\/wp-json\/wp\/v2\/comments?post=3"}],"version-history":[{"count":2,"href":"https:\/\/www.lzctechnology.com\/de\/wp-json\/wp\/v2\/pages\/3\/revisions"}],"predecessor-version":[{"id":1705,"href":"https:\/\/www.lzctechnology.com\/de\/wp-json\/wp\/v2\/pages\/3\/revisions\/1705"}],"wp:attachment":[{"href":"https:\/\/www.lzctechnology.com\/de\/wp-json\/wp\/v2\/media?parent=3"}],"curies":[{"name":"wp","href":"https:\/\/api.w.org\/{rel}","templated":true}]}}