{"id":1597,"date":"2025-07-08T10:47:48","date_gmt":"2025-07-08T02:47:48","guid":{"rendered":"http:\/\/www.lzctechnology.com\/?post_type=product&#038;p=1597"},"modified":"2025-07-31T10:01:11","modified_gmt":"2025-07-31T02:01:11","slug":"it7000-series-fully-configurable-open-hmi","status":"publish","type":"product","link":"https:\/\/www.lzctechnology.com\/de\/product\/it7000-series-fully-configurable-open-hmi\/","title":{"rendered":"Vollst\u00e4ndig konfigurierbare offene HMI der Serie IT7000"},"content":{"rendered":"<p>High-Tech-Aussehen und Erfahrung: Ganzmetallgeh\u00e4use, mit starker Oberfl\u00e4chenstruktur, robust und langlebig; Vollglasscheibe, mit hoher Gl\u00e4tte und hohem Schutz; insgesamt d\u00fcnnes und leichtes Design, spart Installationskontrollen; verwendet Hochgeschwindigkeitsprozessor, bietet High-Performance, die Benutzer hochwertige Betriebserfahrung erf\u00fcllt; hohe Bildschirmverh\u00e4ltnis: 4:3-Verh\u00e4ltnis (Industriestandard: 16:9) Hochgradig konfigurierbare Software-Plattform: Grafiken, Texte und Datenobjekte k\u00f6nnen frei konfiguriert werden, um verschiedene Funktionen zu erreichen; mehrsprachige Internationalisierung, unterst\u00fctzt alle Standard-Spracheingabe und -Anzeige; erweiterbare Software-Plattform, die es den Benutzern erm\u00f6glicht, Steuer-Importe anzupassen; Canvas-Steuerelemente k\u00f6nnen Grafiken frei zeichnen; Skript-Programme k\u00f6nnen auf lokale und Remote-Datenbanken zugreifen; unterst\u00fctzt die meisten Vektorgrafiken und Bildformat-Dateiimporte; die laufende Schnittstelle kann auf mobile Ger\u00e4te (Mobiltelefone, PADs) f\u00fcr die Anzeige projiziert werden Mehrdimensionale Netzwerkl\u00f6sung F\u00e4higkeiten: HuiChuan und Mainstream-Marken-SPS-Kommunikationsverbindungsl\u00f6sungen; Ethernet- und WIFI-Netzwerke f\u00fcr die Verbindung mit Ger\u00e4ten vor Ort, Remote-Ger\u00e4ten und mobilen Ger\u00e4ten; OPCUA-Zugang zu Informationssystemen<\/p>","protected":false},"excerpt":{"rendered":"<p>High-Tech-Aussehen und Erfahrung: Ganzmetallgeh\u00e4use, mit starker Oberfl\u00e4chentextur, robust und langlebig; Vollglasscheibe, mit hoher Glattheit<\/p>","protected":false},"featured_media":1817,"template":"","meta":[],"product_cat":[304],"product_tag":[],"class_list":["post-1597","product","type-product","status-publish","has-post-thumbnail","hentry","product_cat-hmi"],"_links":{"self":[{"href":"https:\/\/www.lzctechnology.com\/de\/wp-json\/wp\/v2\/product\/1597","targetHints":{"allow":["GET"]}}],"collection":[{"href":"https:\/\/www.lzctechnology.com\/de\/wp-json\/wp\/v2\/product"}],"about":[{"href":"https:\/\/www.lzctechnology.com\/de\/wp-json\/wp\/v2\/types\/product"}],"wp:featuredmedia":[{"embeddable":true,"href":"https:\/\/www.lzctechnology.com\/de\/wp-json\/wp\/v2\/media\/1817"}],"wp:attachment":[{"href":"https:\/\/www.lzctechnology.com\/de\/wp-json\/wp\/v2\/media?parent=1597"}],"wp:term":[{"taxonomy":"product_cat","embeddable":true,"href":"https:\/\/www.lzctechnology.com\/de\/wp-json\/wp\/v2\/product_cat?post=1597"},{"taxonomy":"product_tag","embeddable":true,"href":"https:\/\/www.lzctechnology.com\/de\/wp-json\/wp\/v2\/product_tag?post=1597"}],"curies":[{"name":"wp","href":"https:\/\/api.w.org\/{rel}","templated":true}]}}