{"id":1621,"date":"2025-07-08T11:39:06","date_gmt":"2025-07-08T03:39:06","guid":{"rendered":"http:\/\/www.lzctechnology.com\/?post_type=product&#038;p=1621"},"modified":"2025-07-31T11:27:58","modified_gmt":"2025-07-31T03:27:58","slug":"all-round-single-axis","status":"publish","type":"product","link":"https:\/\/www.lzctechnology.com\/de\/product\/all-round-single-axis\/","title":{"rendered":"Rundum einachsig"},"content":{"rendered":"<p><strong>Serie<\/strong><\/p>\n<p>SV680<\/p>\n<p>50W-7.5KW<\/p>\n<p>26bit MS1-A6 motor<\/p>\n<p><strong>Kontrollmethode<\/strong><\/p>\n<p>SV680N EtherCAT-Kommunikationstyp<br \/>\nSV680P Impulssteuerung Typ<\/p>\n<p><strong>Anmeldung<\/strong><\/p>\n<p>Pr\u00e4zisionswerkzeugmaschinen, Hochgeschwindigkeitslaser, Halbleiter, Lithiumbatterien, Pr\u00fcfger\u00e4te, Druckkontrolle, Druckerei<\/p>","protected":false},"excerpt":{"rendered":"<p><strong>Serie<\/strong><\/p>\n<p>SV680<br \/>\n50W-7.5KW<br \/>\n26bit MS1-A6 motor<\/p>","protected":false},"featured_media":1843,"template":"","meta":[],"product_cat":[301],"product_tag":[],"class_list":["post-1621","product","type-product","status-publish","has-post-thumbnail","hentry","product_cat-servo-drives"],"_links":{"self":[{"href":"https:\/\/www.lzctechnology.com\/de\/wp-json\/wp\/v2\/product\/1621","targetHints":{"allow":["GET"]}}],"collection":[{"href":"https:\/\/www.lzctechnology.com\/de\/wp-json\/wp\/v2\/product"}],"about":[{"href":"https:\/\/www.lzctechnology.com\/de\/wp-json\/wp\/v2\/types\/product"}],"wp:featuredmedia":[{"embeddable":true,"href":"https:\/\/www.lzctechnology.com\/de\/wp-json\/wp\/v2\/media\/1843"}],"wp:attachment":[{"href":"https:\/\/www.lzctechnology.com\/de\/wp-json\/wp\/v2\/media?parent=1621"}],"wp:term":[{"taxonomy":"product_cat","embeddable":true,"href":"https:\/\/www.lzctechnology.com\/de\/wp-json\/wp\/v2\/product_cat?post=1621"},{"taxonomy":"product_tag","embeddable":true,"href":"https:\/\/www.lzctechnology.com\/de\/wp-json\/wp\/v2\/product_tag?post=1621"}],"curies":[{"name":"wp","href":"https:\/\/api.w.org\/{rel}","templated":true}]}}