{"id":1597,"date":"2025-07-08T10:47:48","date_gmt":"2025-07-08T02:47:48","guid":{"rendered":"http:\/\/www.lzctechnology.com\/?post_type=product&#038;p=1597"},"modified":"2025-07-31T10:01:11","modified_gmt":"2025-07-31T02:01:11","slug":"it7000-series-fully-configurable-open-hmi","status":"publish","type":"product","link":"https:\/\/www.lzctechnology.com\/es\/product\/it7000-series-fully-configurable-open-hmi\/","title":{"rendered":"HMI abierta totalmente configurable de la serie IT7000"},"content":{"rendered":"<p>Apariencia y experiencia de alto nivel tecnol\u00f3gico: Carcasa totalmente met\u00e1lica, con fuerte textura superficial, robusta y duradera; panel totalmente de cristal, con gran suavidad y alta protecci\u00f3n; dise\u00f1o general delgado y ligero, que ahorra controles de instalaci\u00f3n; utiliza procesador de alta velocidad, que proporciona un alto rendimiento que satisface la experiencia de funcionamiento de alta calidad de los usuarios; alta relaci\u00f3n de pantalla: relaci\u00f3n 4:3 (est\u00e1ndar de la industria: 16:9) Plataforma de software altamente configurable: Los gr\u00e1ficos, textos y objetos de datos pueden configurarse libremente para lograr diversas funciones; Internacionalizaci\u00f3n multiling\u00fce, compatible con todos los idiomas est\u00e1ndar de entrada y visualizaci\u00f3n; Plataforma de software extensible, que permite a los usuarios personalizar las importaciones de control; Los controles de lienzo pueden dibujar gr\u00e1ficos libremente; Los programas de secuencias de comandos pueden acceder a bases de datos locales y remotas; Admite la mayor\u00eda de los gr\u00e1ficos vectoriales y las importaciones de archivos de formato de imagen; La interfaz de ejecuci\u00f3n puede proyectarse en dispositivos m\u00f3viles (tel\u00e9fonos m\u00f3viles, PAD) para su visualizaci\u00f3n Capacidades de soluci\u00f3n de red multidimensional: Soluciones de conexi\u00f3n de comunicaciones PLC de HuiChuan y de las principales marcas; Redes Ethernet y WIFI para la interconexi\u00f3n con equipos in situ, equipos remotos y dispositivos m\u00f3viles; Acceso OPCUA a sistemas de informaci\u00f3n<\/p>","protected":false},"excerpt":{"rendered":"<p>High-tech appearance level and experience: All-metal casing, with strong surface texture, sturdy and durable; fully glass panel, with high smoothness<\/p>","protected":false},"featured_media":1817,"template":"","meta":[],"product_cat":[304],"product_tag":[],"class_list":["post-1597","product","type-product","status-publish","has-post-thumbnail","hentry","product_cat-hmi"],"_links":{"self":[{"href":"https:\/\/www.lzctechnology.com\/es\/wp-json\/wp\/v2\/product\/1597","targetHints":{"allow":["GET"]}}],"collection":[{"href":"https:\/\/www.lzctechnology.com\/es\/wp-json\/wp\/v2\/product"}],"about":[{"href":"https:\/\/www.lzctechnology.com\/es\/wp-json\/wp\/v2\/types\/product"}],"wp:featuredmedia":[{"embeddable":true,"href":"https:\/\/www.lzctechnology.com\/es\/wp-json\/wp\/v2\/media\/1817"}],"wp:attachment":[{"href":"https:\/\/www.lzctechnology.com\/es\/wp-json\/wp\/v2\/media?parent=1597"}],"wp:term":[{"taxonomy":"product_cat","embeddable":true,"href":"https:\/\/www.lzctechnology.com\/es\/wp-json\/wp\/v2\/product_cat?post=1597"},{"taxonomy":"product_tag","embeddable":true,"href":"https:\/\/www.lzctechnology.com\/es\/wp-json\/wp\/v2\/product_tag?post=1597"}],"curies":[{"name":"wp","href":"https:\/\/api.w.org\/{rel}","templated":true}]}}