{"id":1614,"date":"2025-07-08T11:11:01","date_gmt":"2025-07-08T03:11:01","guid":{"rendered":"http:\/\/www.lzctechnology.com\/?post_type=product&#038;p=1614"},"modified":"2025-07-31T11:01:06","modified_gmt":"2025-07-31T03:01:06","slug":"mv31-series-low-voltage-permanent-magnet-motor","status":"publish","type":"product","link":"https:\/\/www.lzctechnology.com\/es\/product\/mv31-series-low-voltage-permanent-magnet-motor\/","title":{"rendered":"Motor de imanes permanentes de baja tensi\u00f3n de la serie MV31"},"content":{"rendered":"<p>Tensi\u00f3n: 380 V<\/p>\n<p>Aislamiento: F(DT=80K)<\/p>\n<p>Nivel de protecci\u00f3n: IP55(IP54)<\/p>\n<p>M\u00e9todo de refrigeraci\u00f3n: IC411,IC416<\/p>\n<p>Eficiencia energ\u00e9tica: GB1,IE4<\/p>\n<p>Protecci\u00f3n t\u00e9rmica: PTC incorporado<\/p>\n<table width=\"924\">\n<tbody>\n<tr>\n<td width=\"308\"><b>\u00a0<\/b>Velocidad de rotaci\u00f3n<\/td>\n<td width=\"308\"><b>\u00a0<\/b>Gama de m\u00e1quinas base<\/td>\n<td width=\"308\"><b>\u00a0<\/b>Gama de potencia<\/td>\n<\/tr>\n<tr>\n<td width=\"308\">3000\/revoluciones por minuto<\/td>\n<td width=\"308\">90-355M<\/td>\n<td width=\"308\">3kW-500kW<\/td>\n<\/tr>\n<tr>\n<td width=\"308\">1500\/revoluciones por minuto<\/td>\n<td width=\"308\">90-355M<\/td>\n<td width=\"308\">3kW-500kW<\/td>\n<\/tr>\n<tr>\n<td width=\"308\">1000\/revoluciones por minuto<\/td>\n<td width=\"308\">100L-355M<\/td>\n<td width=\"308\">3 kW-300 kW<\/td>\n<\/tr>\n<tr>\n<td width=\"308\">750\/revoluciones por minuto<\/td>\n<td width=\"308\">112M-355M<\/td>\n<td width=\"308\">3 kW-250 kW<\/td>\n<\/tr>\n<\/tbody>\n<\/table>\n<p>La eficiencia energ\u00e9tica puede alcanzar la norma GB1; El factor de potencia es cercano a 1<\/p>\n<p>Baja vibraci\u00f3n; Bajo nivel de ruido<\/p>\n<p>Reducci\u00f3n del n\u00famero de ranuras del rotor de 1 a 3, lo que supone una reducci\u00f3n de peso de aproximadamente 40% en comparaci\u00f3n con los motores as\u00edncronos de la misma potencia de salida.<\/p>\n<p>Ofrece un amplio rango de ajuste de la velocidad cuando est\u00e1 equipado con un convertidor de frecuencia para el arranque y el control de la velocidad; Controla con precisi\u00f3n el par y la velocidad<\/p>\n<p>Las piezas de fundici\u00f3n de alta resistencia y la precisi\u00f3n de procesamiento garantizan una mayor resistencia mec\u00e1nica; Optimizar el dise\u00f1o de los rodamientos, seleccionar rodamientos de alta calidad y aumentar significativamente la vida \u00fatil de los rodamientos; Un sistema maduro de aislamiento de frecuencia variable; El rodamiento tiene una larga vida \u00fatil y se puede lubricar. La vida \u00fatil ideal del rodamiento es de 10 a\u00f1os<\/p>\n<p>Puede sustituirse igualmente por motores as\u00edncronos ordinarios; Es posible la personalizaci\u00f3n en funci\u00f3n de la plataforma; Alta capacidad de sobrecarga, capacidad de sobrecarga instant\u00e1nea de 2 veces.<\/p>\n<p>Adopci\u00f3n de procesos de fabricaci\u00f3n y normas de calidad de calidad automovil\u00edstica<\/p>","protected":false},"excerpt":{"rendered":"<p>Tensi\u00f3n: 380 V<br \/>\nAislamiento: F(DT=80K)<br \/>\nNivel de protecci\u00f3n: IP55(IP54)<br \/>\nM\u00e9todo de refrigeraci\u00f3n: IC411,IC416<br \/>\nEficiencia energ\u00e9tica: GB1,IE4<br \/>\nProtecci\u00f3n t\u00e9rmica: PTC incorporado<\/p>","protected":false},"featured_media":1828,"template":"","meta":[],"product_cat":[302],"product_tag":[],"class_list":["post-1614","product","type-product","status-publish","has-post-thumbnail","hentry","product_cat-servo-motors"],"_links":{"self":[{"href":"https:\/\/www.lzctechnology.com\/es\/wp-json\/wp\/v2\/product\/1614","targetHints":{"allow":["GET"]}}],"collection":[{"href":"https:\/\/www.lzctechnology.com\/es\/wp-json\/wp\/v2\/product"}],"about":[{"href":"https:\/\/www.lzctechnology.com\/es\/wp-json\/wp\/v2\/types\/product"}],"wp:featuredmedia":[{"embeddable":true,"href":"https:\/\/www.lzctechnology.com\/es\/wp-json\/wp\/v2\/media\/1828"}],"wp:attachment":[{"href":"https:\/\/www.lzctechnology.com\/es\/wp-json\/wp\/v2\/media?parent=1614"}],"wp:term":[{"taxonomy":"product_cat","embeddable":true,"href":"https:\/\/www.lzctechnology.com\/es\/wp-json\/wp\/v2\/product_cat?post=1614"},{"taxonomy":"product_tag","embeddable":true,"href":"https:\/\/www.lzctechnology.com\/es\/wp-json\/wp\/v2\/product_tag?post=1614"}],"curies":[{"name":"wp","href":"https:\/\/api.w.org\/{rel}","templated":true}]}}