{"id":1616,"date":"2025-07-08T11:34:08","date_gmt":"2025-07-08T03:34:08","guid":{"rendered":"http:\/\/www.lzctechnology.com\/?post_type=product&#038;p=1616"},"modified":"2025-07-31T10:31:36","modified_gmt":"2025-07-31T02:31:36","slug":"economical-single-axis","status":"publish","type":"product","link":"https:\/\/www.lzctechnology.com\/es\/product\/economical-single-axis\/","title":{"rendered":"Eje \u00fanico econ\u00f3mico"},"content":{"rendered":"<p><strong>Serie<\/strong><\/p>\n<p>SV630<\/p>\n<p>50W-7,5KW<\/p>\n<p>Motor MS1-T3 de 18 bits<\/p>\n<p><strong>M\u00e9todo de control <\/strong><\/p>\n<p>SV630N Tipo de comunicaci\u00f3n EtherCAT<br \/>\nTipo de control de impulsos SV630P<br \/>\nSV630A Tipo de comunicaci\u00f3n CANlink<br \/>\nSV630C Tipo de comunicaci\u00f3n CANopen<\/p>\n<p><strong>Aplicaci\u00f3n<\/strong><\/p>\n<p>Mano de obra mec\u00e1nica, equipos de log\u00edstica, textil, envasado de alimentos, carpinter\u00eda, vidrio, equipos LED, automatizaci\u00f3n no est\u00e1ndar<\/p>","protected":false},"excerpt":{"rendered":"<p><strong>Serie <\/strong><\/p>\n<p>SV630<br \/>\n50W-7,5KW<br \/>\nMotor MS1-T3 de 18 bits<\/p>","protected":false},"featured_media":1822,"template":"","meta":[],"product_cat":[301],"product_tag":[],"class_list":["post-1616","product","type-product","status-publish","has-post-thumbnail","hentry","product_cat-servo-drives"],"_links":{"self":[{"href":"https:\/\/www.lzctechnology.com\/es\/wp-json\/wp\/v2\/product\/1616","targetHints":{"allow":["GET"]}}],"collection":[{"href":"https:\/\/www.lzctechnology.com\/es\/wp-json\/wp\/v2\/product"}],"about":[{"href":"https:\/\/www.lzctechnology.com\/es\/wp-json\/wp\/v2\/types\/product"}],"wp:featuredmedia":[{"embeddable":true,"href":"https:\/\/www.lzctechnology.com\/es\/wp-json\/wp\/v2\/media\/1822"}],"wp:attachment":[{"href":"https:\/\/www.lzctechnology.com\/es\/wp-json\/wp\/v2\/media?parent=1616"}],"wp:term":[{"taxonomy":"product_cat","embeddable":true,"href":"https:\/\/www.lzctechnology.com\/es\/wp-json\/wp\/v2\/product_cat?post=1616"},{"taxonomy":"product_tag","embeddable":true,"href":"https:\/\/www.lzctechnology.com\/es\/wp-json\/wp\/v2\/product_tag?post=1616"}],"curies":[{"name":"wp","href":"https:\/\/api.w.org\/{rel}","templated":true}]}}