{"id":1618,"date":"2025-07-08T11:37:45","date_gmt":"2025-07-08T03:37:45","guid":{"rendered":"http:\/\/www.lzctechnology.com\/?post_type=product&#038;p=1618"},"modified":"2025-07-31T11:32:05","modified_gmt":"2025-07-31T03:32:05","slug":"general-single-axis","status":"publish","type":"product","link":"https:\/\/www.lzctechnology.com\/es\/product\/general-single-axis\/","title":{"rendered":"Eje \u00fanico general"},"content":{"rendered":"<p><strong>Serie<\/strong><\/p>\n<p>SV660<\/p>\n<p>30W-7,5KW<\/p>\n<p>Motor MS1-A3 de 23 bits<\/p>\n<p>&nbsp;<\/p>\n<p><strong>M\u00e9todo de control <\/strong><\/p>\n<p>SV660N Tipo de comunicaci\u00f3n EtherCAT<br \/>\nTipo de control de impulsos SV660P<br \/>\nSV660A Tipo de comunicaci\u00f3n CANlink<br \/>\nSV660C Tipo de comunicaci\u00f3n CANopen<\/p>\n<p>&nbsp;<\/p>\n<p><strong>Aplicaci\u00f3n<\/strong><\/p>\n<p>Bater\u00edas de litio, cristales de silicio, automatizaci\u00f3n 3C, paneles de cristal l\u00edquido, semiconductores, envases, m\u00e1quinas herramienta, l\u00e1ser, cables, robots, autom\u00f3viles<\/p>\n<p>&nbsp;<\/p>\n<p><strong>Serie<\/strong><\/p>\n<p>IS620<\/p>\n<p>50W-7,5KW<\/p>\n<p>Motor MS1-A3 de 23 bits<\/p>\n<p>&nbsp;<\/p>\n<p><strong>M\u00e9todo de control<\/strong><\/p>\n<p>IS620F Tipo de comunicaci\u00f3n PROFINET<\/p>\n<p>IS620H Tipo de comunicaci\u00f3n MechatrolinkIII<\/p>\n<p>&nbsp;<\/p>\n<p><strong>Aplicaci\u00f3n<\/strong><\/p>\n<p>Autom\u00f3viles, log\u00edstica, envases, maquinaria de pl\u00e1stico, cables, cristales de silicio, bater\u00edas de litio, automatizaci\u00f3n 3C, equipos CNC<\/p>","protected":false},"excerpt":{"rendered":"<p><strong>Serie<\/strong><\/p>\n<p>SV660<br \/>\n30W-7,5KW<br \/>\nMotor MS1-A3 de 23 bits<br \/>\nIS620<br \/>\n50W-7,5KW<br \/>\nMotor MS1-A3 de 23 bits<\/p>","protected":false},"featured_media":1841,"template":"","meta":[],"product_cat":[301],"product_tag":[],"class_list":["post-1618","product","type-product","status-publish","has-post-thumbnail","hentry","product_cat-servo-drives"],"_links":{"self":[{"href":"https:\/\/www.lzctechnology.com\/es\/wp-json\/wp\/v2\/product\/1618","targetHints":{"allow":["GET"]}}],"collection":[{"href":"https:\/\/www.lzctechnology.com\/es\/wp-json\/wp\/v2\/product"}],"about":[{"href":"https:\/\/www.lzctechnology.com\/es\/wp-json\/wp\/v2\/types\/product"}],"wp:featuredmedia":[{"embeddable":true,"href":"https:\/\/www.lzctechnology.com\/es\/wp-json\/wp\/v2\/media\/1841"}],"wp:attachment":[{"href":"https:\/\/www.lzctechnology.com\/es\/wp-json\/wp\/v2\/media?parent=1618"}],"wp:term":[{"taxonomy":"product_cat","embeddable":true,"href":"https:\/\/www.lzctechnology.com\/es\/wp-json\/wp\/v2\/product_cat?post=1618"},{"taxonomy":"product_tag","embeddable":true,"href":"https:\/\/www.lzctechnology.com\/es\/wp-json\/wp\/v2\/product_tag?post=1618"}],"curies":[{"name":"wp","href":"https:\/\/api.w.org\/{rel}","templated":true}]}}