{"id":1621,"date":"2025-07-08T11:39:06","date_gmt":"2025-07-08T03:39:06","guid":{"rendered":"http:\/\/www.lzctechnology.com\/?post_type=product&#038;p=1621"},"modified":"2025-07-31T11:27:58","modified_gmt":"2025-07-31T03:27:58","slug":"all-round-single-axis","status":"publish","type":"product","link":"https:\/\/www.lzctechnology.com\/es\/product\/all-round-single-axis\/","title":{"rendered":"Todo en un eje"},"content":{"rendered":"<p><strong>Serie<\/strong><\/p>\n<p>SV680<\/p>\n<p>50W-7,5KW<\/p>\n<p>Motor MS1-A6 de 26 bits<\/p>\n<p><strong>M\u00e9todo de control<\/strong><\/p>\n<p>SV680N Tipo de comunicaci\u00f3n EtherCAT<br \/>\nTipo de control de impulsos SV680P<\/p>\n<p><strong>Aplicaci\u00f3n<\/strong><\/p>\n<p>M\u00e1quinas herramienta de precisi\u00f3n, l\u00e1seres de alta velocidad, semiconductores, bater\u00edas de litio, equipos de ensayo, control de presi\u00f3n, impresi\u00f3n<\/p>","protected":false},"excerpt":{"rendered":"<p><strong>Serie<\/strong><\/p>\n<p>SV680<br \/>\n50W-7,5KW<br \/>\nMotor MS1-A6 de 26 bits<\/p>","protected":false},"featured_media":1843,"template":"","meta":[],"product_cat":[301],"product_tag":[],"class_list":["post-1621","product","type-product","status-publish","has-post-thumbnail","hentry","product_cat-servo-drives"],"_links":{"self":[{"href":"https:\/\/www.lzctechnology.com\/es\/wp-json\/wp\/v2\/product\/1621","targetHints":{"allow":["GET"]}}],"collection":[{"href":"https:\/\/www.lzctechnology.com\/es\/wp-json\/wp\/v2\/product"}],"about":[{"href":"https:\/\/www.lzctechnology.com\/es\/wp-json\/wp\/v2\/types\/product"}],"wp:featuredmedia":[{"embeddable":true,"href":"https:\/\/www.lzctechnology.com\/es\/wp-json\/wp\/v2\/media\/1843"}],"wp:attachment":[{"href":"https:\/\/www.lzctechnology.com\/es\/wp-json\/wp\/v2\/media?parent=1621"}],"wp:term":[{"taxonomy":"product_cat","embeddable":true,"href":"https:\/\/www.lzctechnology.com\/es\/wp-json\/wp\/v2\/product_cat?post=1621"},{"taxonomy":"product_tag","embeddable":true,"href":"https:\/\/www.lzctechnology.com\/es\/wp-json\/wp\/v2\/product_tag?post=1621"}],"curies":[{"name":"wp","href":"https:\/\/api.w.org\/{rel}","templated":true}]}}