{"id":1623,"date":"2025-07-08T11:42:22","date_gmt":"2025-07-08T03:42:22","guid":{"rendered":"http:\/\/www.lzctechnology.com\/?post_type=product&#038;p=1623"},"modified":"2025-07-31T11:27:14","modified_gmt":"2025-07-31T03:27:14","slug":"high-performance-multi-drive","status":"publish","type":"product","link":"https:\/\/www.lzctechnology.com\/es\/product\/high-performance-multi-drive\/","title":{"rendered":"Accionamiento m\u00faltiple de alto rendimiento"},"content":{"rendered":"<p><strong>Serie<\/strong><\/p>\n<p>IS810<\/p>\n<p>850W-110KW<\/p>\n<p>Motor MS1-A3\/ISMG de 23 bits<\/p>\n<p><strong>M\u00e9todo de control<\/strong><\/p>\n<p>IS810N Tipo de comunicaci\u00f3n EtherCAT<br \/>\nIS810F Tipo de comunicaci\u00f3n ROFINET<br \/>\nIS810P-C pulso + tipo de comunicaci\u00f3n CANlink<br \/>\nIS810P-CO Tipo de comunicaci\u00f3n CANopen<\/p>\n<p><strong>Aplicaci\u00f3n<\/strong><\/p>\n<p>Cristales de silicio, impresi\u00f3n de envases, forja, papel ondulado, bater\u00edas de litio, maquinaria de pl\u00e1stico, cables<\/p>","protected":false},"excerpt":{"rendered":"<p><strong>Serie<\/strong><\/p>\n<p>IS810<br \/>\n850W-110KW<br \/>\nMotor MS1-A3\/ISMG de 23 bits<\/p>","protected":false},"featured_media":1842,"template":"","meta":[],"product_cat":[301],"product_tag":[],"class_list":["post-1623","product","type-product","status-publish","has-post-thumbnail","hentry","product_cat-servo-drives"],"_links":{"self":[{"href":"https:\/\/www.lzctechnology.com\/es\/wp-json\/wp\/v2\/product\/1623","targetHints":{"allow":["GET"]}}],"collection":[{"href":"https:\/\/www.lzctechnology.com\/es\/wp-json\/wp\/v2\/product"}],"about":[{"href":"https:\/\/www.lzctechnology.com\/es\/wp-json\/wp\/v2\/types\/product"}],"wp:featuredmedia":[{"embeddable":true,"href":"https:\/\/www.lzctechnology.com\/es\/wp-json\/wp\/v2\/media\/1842"}],"wp:attachment":[{"href":"https:\/\/www.lzctechnology.com\/es\/wp-json\/wp\/v2\/media?parent=1623"}],"wp:term":[{"taxonomy":"product_cat","embeddable":true,"href":"https:\/\/www.lzctechnology.com\/es\/wp-json\/wp\/v2\/product_cat?post=1623"},{"taxonomy":"product_tag","embeddable":true,"href":"https:\/\/www.lzctechnology.com\/es\/wp-json\/wp\/v2\/product_tag?post=1623"}],"curies":[{"name":"wp","href":"https:\/\/api.w.org\/{rel}","templated":true}]}}