{"id":1753,"date":"2025-07-24T10:39:59","date_gmt":"2025-07-24T02:39:59","guid":{"rendered":"https:\/\/www.lzctechnology.com\/?post_type=product&#038;p=1753"},"modified":"2025-07-31T10:56:13","modified_gmt":"2025-07-31T02:56:13","slug":"md480plus-general-engineering-type-frequency-converter","status":"publish","type":"product","link":"https:\/\/www.lzctechnology.com\/es\/product\/md480plus-general-engineering-type-frequency-converter\/","title":{"rendered":"Convertidor de frecuencia tipo ingenier\u00eda general MD480Plus"},"content":{"rendered":"<p>potencia: 0,4\uff5e630kW trif\u00e1sica: 380V\uff5e480VAC<\/p>\n<p>Software de control de accionamientos s\u00edncronos y as\u00edncronos<\/p>\n<p>Compatible con el algoritmo VVC s\u00edncrono<\/p>\n<p>Apoyo a la puesta en marcha de la m\u00e1quina s\u00edncrona para el volante de inercia SVC<\/p>\n<p>Adaptaci\u00f3n multibus, compatible con protocolos de comunicaci\u00f3n como EIP y MTP<\/p>\n<p>Aplicaciones multifuncionales como sincronizaci\u00f3n maestro-esclavo, distribuci\u00f3n de carga y control de flecha<\/p>\n<p>Dise\u00f1o de modelado 3D completo, volumen reducido en 30%, cumpliendo los requisitos de miniaturizaci\u00f3n de la maquinaria, y mejorando el rendimiento de instalaci\u00f3n y mantenimiento.<\/p>\n<p>Amplio rango de tensi\u00f3n de dise\u00f1o (-15% a 10%)<\/p>\n<p>Cumple certificaciones mundiales como UL y CE, reconocidas internacionalmente<\/p>\n<p>EMC de alto nivel: especificaciones C2, C3, que satisfacen diferentes requisitos de red<\/p>\n<p>Alta fiabilidad: Cumple los requisitos de los entornos de aplicaci\u00f3n 3C2 y 3S2. Los ventiladores adoptan un nivel de protecci\u00f3n IP52<\/p>","protected":false},"excerpt":{"rendered":"<p>power: 0.4\uff5e630kW\u00a0 \u00a0 three-phase: 380V\uff5e480VAC Synchronous and asynchronous drive control software Support the synchronous VVC algorithm Support the start-up of<\/p>","protected":false},"featured_media":1827,"template":"","meta":[],"product_cat":[22],"product_tag":[],"class_list":["post-1753","product","type-product","status-publish","has-post-thumbnail","hentry","product_cat-frequency-converter"],"_links":{"self":[{"href":"https:\/\/www.lzctechnology.com\/es\/wp-json\/wp\/v2\/product\/1753","targetHints":{"allow":["GET"]}}],"collection":[{"href":"https:\/\/www.lzctechnology.com\/es\/wp-json\/wp\/v2\/product"}],"about":[{"href":"https:\/\/www.lzctechnology.com\/es\/wp-json\/wp\/v2\/types\/product"}],"wp:featuredmedia":[{"embeddable":true,"href":"https:\/\/www.lzctechnology.com\/es\/wp-json\/wp\/v2\/media\/1827"}],"wp:attachment":[{"href":"https:\/\/www.lzctechnology.com\/es\/wp-json\/wp\/v2\/media?parent=1753"}],"wp:term":[{"taxonomy":"product_cat","embeddable":true,"href":"https:\/\/www.lzctechnology.com\/es\/wp-json\/wp\/v2\/product_cat?post=1753"},{"taxonomy":"product_tag","embeddable":true,"href":"https:\/\/www.lzctechnology.com\/es\/wp-json\/wp\/v2\/product_tag?post=1753"}],"curies":[{"name":"wp","href":"https:\/\/api.w.org\/{rel}","templated":true}]}}