{"id":1754,"date":"2025-07-24T10:42:09","date_gmt":"2025-07-24T02:42:09","guid":{"rendered":"https:\/\/www.lzctechnology.com\/?post_type=product&#038;p=1754"},"modified":"2025-07-31T10:23:16","modified_gmt":"2025-07-31T02:23:16","slug":"md580-high-performance-frequency-converter","status":"publish","type":"product","link":"https:\/\/www.lzctechnology.com\/es\/product\/md580-high-performance-frequency-converter\/","title":{"rendered":"Convertidor de frecuencia de alto rendimiento MD580"},"content":{"rendered":"<p>potencia: 0,75\uff5e450kW trif\u00e1sica: 380\uff5e480VAC 5,5\uff5e250KW 525\uff5e690VAC<\/p>\n<p>Soporte para la programaci\u00f3n libre de conectores<\/p>\n<p>Almacenamiento de fallos en caja negra Depuraci\u00f3n externa de 24 V independiente del encendido<\/p>\n<p>Soporta teclado chino, copia de par\u00e1metros y otras funciones<\/p>\n<p>Soporta 7 tipos de buses de comunicaci\u00f3n, cumpliendo los requisitos de la red en anillo PN<\/p>\n<p>Compatible con algoritmos de accionamiento de m\u00e1quinas s\u00edncronas y as\u00edncronas<\/p>\n<p>Admite muestreo de temperatura del motor de 3 canales<\/p>\n<p>Cumple la certificaci\u00f3n CE, reconocida internacionalmente<\/p>\n<p>Cumple la certificaci\u00f3n de seguridad funcional STO (SIL3)<\/p>\n<p>Cumple con el informe de ensayo de tipo de terceros y est\u00e1 sujeto a certificaci\u00f3n nacional autorizada.<\/p>\n<p>Toda la serie de dise\u00f1os de chapa cumple los requisitos medioambientales de 3C3 y 3S3<\/p>\n<p>Dise\u00f1o duradero: 10 a\u00f1os o m\u00e1s<\/p>","protected":false},"excerpt":{"rendered":"<p>power: 0.75\uff5e450kW\u00a0 \u00a0 \u00a0three-phase: 380\uff5e480VAC 5.5\uff5e250KW 525\uff5e690VAC Support for free programming of connectors Black box failure storage External 24V independent<\/p>","protected":false},"featured_media":1821,"template":"","meta":[],"product_cat":[22],"product_tag":[],"class_list":["post-1754","product","type-product","status-publish","has-post-thumbnail","hentry","product_cat-frequency-converter"],"_links":{"self":[{"href":"https:\/\/www.lzctechnology.com\/es\/wp-json\/wp\/v2\/product\/1754","targetHints":{"allow":["GET"]}}],"collection":[{"href":"https:\/\/www.lzctechnology.com\/es\/wp-json\/wp\/v2\/product"}],"about":[{"href":"https:\/\/www.lzctechnology.com\/es\/wp-json\/wp\/v2\/types\/product"}],"wp:featuredmedia":[{"embeddable":true,"href":"https:\/\/www.lzctechnology.com\/es\/wp-json\/wp\/v2\/media\/1821"}],"wp:attachment":[{"href":"https:\/\/www.lzctechnology.com\/es\/wp-json\/wp\/v2\/media?parent=1754"}],"wp:term":[{"taxonomy":"product_cat","embeddable":true,"href":"https:\/\/www.lzctechnology.com\/es\/wp-json\/wp\/v2\/product_cat?post=1754"},{"taxonomy":"product_tag","embeddable":true,"href":"https:\/\/www.lzctechnology.com\/es\/wp-json\/wp\/v2\/product_tag?post=1754"}],"curies":[{"name":"wp","href":"https:\/\/api.w.org\/{rel}","templated":true}]}}