{"id":1755,"date":"2025-07-24T10:44:26","date_gmt":"2025-07-24T02:44:26","guid":{"rendered":"https:\/\/www.lzctechnology.com\/?post_type=product&#038;p=1755"},"modified":"2025-07-31T10:46:22","modified_gmt":"2025-07-31T02:46:22","slug":"md810-engineering-model-small-multi-drive-frequency-converter","status":"publish","type":"product","link":"https:\/\/www.lzctechnology.com\/es\/product\/md810-engineering-model-small-multi-drive-frequency-converter\/","title":{"rendered":"Modelo de ingenier\u00eda MD810 Convertidor de frecuencia peque\u00f1o con accionamiento m\u00faltiple"},"content":{"rendered":"<p>potencia del inversor: 1,5\uff5e355kW\uff08eje \u00fanico\uff09\/1,5\uff5e18,5KW\uff08biaxial\uff09<\/p>\n<p>potencia de la unidad rectificadora: 22\uff5e355kW<\/p>\n<p>Compatibilidad total con bus: EtherCAT, Profinet, Profibus-DP, CANopen, Modbus, etc.<\/p>\n<p>Soporta m\u00faltiples tipos de encoder: diferencial, rotativo, 23 bits, coseno positivo y negativo, etc.<\/p>\n<p>El dise\u00f1o com\u00fan del bus de CC para una distribuci\u00f3n eficiente de la energ\u00eda mejora la eficiencia el\u00e9ctrica del sistema y consigue un ahorro energ\u00e9tico de 5% a 30%.<\/p>\n<p>El dise\u00f1o de los m\u00f3dulos tipo libro de alto nivel de profundidad permite una instalaci\u00f3n compacta lado a lado, lo que se traduce en una alta tasa de utilizaci\u00f3n del armario.<\/p>\n<p>Ocupa poco espacio y la integraci\u00f3n el\u00e9ctrica en un armario permite el funcionamiento m\u00f3vil a bordo.<\/p>\n<p>Depuraci\u00f3n adaptativa, conexi\u00f3n a una red, depuraci\u00f3n de l\u00ednea completa en 5 minutos<\/p>\n<p>El software est\u00e1ndar integra m\u00e1s de 10 tecnolog\u00edas avanzadas, como control de tensi\u00f3n, control de sincronizaci\u00f3n y control de posicionamiento<\/p>\n<p>La integraci\u00f3n de la conversi\u00f3n de frecuencia y la servotecnolog\u00eda permite alcanzar 8 millones de impulsos de control de posicionamiento de valor absoluto en 1 revoluci\u00f3n.<\/p>","protected":false},"excerpt":{"rendered":"<p>inverter unit power: 1.5\uff5e355kW\uff08single axis\uff09\/1.5\uff5e18.5KW\uff08biaxial\uff09 rectifier unit power: 22\uff5e355kW Full bus support: EtherCAT, Profinet, Profibus-DP, CANopen, Modbus, etc. Support multiple<\/p>","protected":false},"featured_media":1824,"template":"","meta":[],"product_cat":[22],"product_tag":[],"class_list":["post-1755","product","type-product","status-publish","has-post-thumbnail","hentry","product_cat-frequency-converter"],"_links":{"self":[{"href":"https:\/\/www.lzctechnology.com\/es\/wp-json\/wp\/v2\/product\/1755","targetHints":{"allow":["GET"]}}],"collection":[{"href":"https:\/\/www.lzctechnology.com\/es\/wp-json\/wp\/v2\/product"}],"about":[{"href":"https:\/\/www.lzctechnology.com\/es\/wp-json\/wp\/v2\/types\/product"}],"wp:featuredmedia":[{"embeddable":true,"href":"https:\/\/www.lzctechnology.com\/es\/wp-json\/wp\/v2\/media\/1824"}],"wp:attachment":[{"href":"https:\/\/www.lzctechnology.com\/es\/wp-json\/wp\/v2\/media?parent=1755"}],"wp:term":[{"taxonomy":"product_cat","embeddable":true,"href":"https:\/\/www.lzctechnology.com\/es\/wp-json\/wp\/v2\/product_cat?post=1755"},{"taxonomy":"product_tag","embeddable":true,"href":"https:\/\/www.lzctechnology.com\/es\/wp-json\/wp\/v2\/product_tag?post=1755"}],"curies":[{"name":"wp","href":"https:\/\/api.w.org\/{rel}","templated":true}]}}