{"id":1597,"date":"2025-07-08T10:47:48","date_gmt":"2025-07-08T02:47:48","guid":{"rendered":"http:\/\/www.lzctechnology.com\/?post_type=product&#038;p=1597"},"modified":"2025-07-31T10:01:11","modified_gmt":"2025-07-31T02:01:11","slug":"it7000-series-fully-configurable-open-hmi","status":"publish","type":"product","link":"https:\/\/www.lzctechnology.com\/fr\/product\/it7000-series-fully-configurable-open-hmi\/","title":{"rendered":"IHM ouverte enti\u00e8rement configurable de la s\u00e9rie IT7000"},"content":{"rendered":"<p>Un niveau d'apparence et d'exp\u00e9rience de haute technologie : Bo\u00eetier enti\u00e8rement m\u00e9tallique, avec une texture de surface forte, robuste et durable ; panneau enti\u00e8rement en verre, avec une grande douceur et une protection \u00e9lev\u00e9e ; conception g\u00e9n\u00e9rale fine et l\u00e9g\u00e8re, \u00e9conomisant les contr\u00f4les d'installation ; utilise un processeur \u00e0 grande vitesse, fournissant des performances \u00e9lev\u00e9es qui r\u00e9pondent \u00e0 l'exp\u00e9rience d'utilisation de haute qualit\u00e9 des utilisateurs ; ratio d'\u00e9cran \u00e9lev\u00e9 : ratio 4:3 (norme industrielle : 16:9) Plate-forme logicielle hautement configurable : Les graphiques, les textes et les objets de donn\u00e9es peuvent \u00eatre librement configur\u00e9s pour r\u00e9aliser diverses fonctions ; internationalisation multilingue, prise en charge de toutes les langues d'entr\u00e9e et d'affichage standard ; plate-forme logicielle extensible, permettant aux utilisateurs de personnaliser les importations de contr\u00f4le ; les contr\u00f4les Canvas peuvent librement dessiner des graphiques ; les programmes de script peuvent acc\u00e9der aux bases de donn\u00e9es locales et distantes ; prise en charge de la plupart des graphiques vectoriels et des importations de fichiers de format image ; l'interface en cours d'ex\u00e9cution peut \u00eatre projet\u00e9e sur des appareils mobiles (t\u00e9l\u00e9phones mobiles, PAD) pour l'affichage ; capacit\u00e9s de solution de mise en r\u00e9seau multidimensionnelle : Solutions de connexion de communication PLC de marque HuiChuan et grand public ; r\u00e9seau Ethernet et WIFI pour l'interconnexion avec l'\u00e9quipement sur site, l'\u00e9quipement \u00e0 distance et les appareils mobiles ; acc\u00e8s OPCUA aux syst\u00e8mes d'information.<\/p>","protected":false},"excerpt":{"rendered":"<p>High-tech appearance level and experience: All-metal casing, with strong surface texture, sturdy and durable; fully glass panel, with high smoothness<\/p>","protected":false},"featured_media":1817,"template":"","meta":[],"product_cat":[304],"product_tag":[],"class_list":["post-1597","product","type-product","status-publish","has-post-thumbnail","hentry","product_cat-hmi"],"_links":{"self":[{"href":"https:\/\/www.lzctechnology.com\/fr\/wp-json\/wp\/v2\/product\/1597","targetHints":{"allow":["GET"]}}],"collection":[{"href":"https:\/\/www.lzctechnology.com\/fr\/wp-json\/wp\/v2\/product"}],"about":[{"href":"https:\/\/www.lzctechnology.com\/fr\/wp-json\/wp\/v2\/types\/product"}],"wp:featuredmedia":[{"embeddable":true,"href":"https:\/\/www.lzctechnology.com\/fr\/wp-json\/wp\/v2\/media\/1817"}],"wp:attachment":[{"href":"https:\/\/www.lzctechnology.com\/fr\/wp-json\/wp\/v2\/media?parent=1597"}],"wp:term":[{"taxonomy":"product_cat","embeddable":true,"href":"https:\/\/www.lzctechnology.com\/fr\/wp-json\/wp\/v2\/product_cat?post=1597"},{"taxonomy":"product_tag","embeddable":true,"href":"https:\/\/www.lzctechnology.com\/fr\/wp-json\/wp\/v2\/product_tag?post=1597"}],"curies":[{"name":"wp","href":"https:\/\/api.w.org\/{rel}","templated":true}]}}