{"id":1614,"date":"2025-07-08T11:11:01","date_gmt":"2025-07-08T03:11:01","guid":{"rendered":"http:\/\/www.lzctechnology.com\/?post_type=product&#038;p=1614"},"modified":"2025-07-31T11:01:06","modified_gmt":"2025-07-31T03:01:06","slug":"mv31-series-low-voltage-permanent-magnet-motor","status":"publish","type":"product","link":"https:\/\/www.lzctechnology.com\/fr\/product\/mv31-series-low-voltage-permanent-magnet-motor\/","title":{"rendered":"S\u00e9rie MV31 Moteur \u00e0 aimant permanent basse tension"},"content":{"rendered":"<p>Tension : 380V<\/p>\n<p>Isolation : F(DT=80K)<\/p>\n<p>Niveau de protection : IP55(IP54)<\/p>\n<p>M\u00e9thode de refroidissement : IC411, IC416<\/p>\n<p>Efficacit\u00e9 \u00e9nerg\u00e9tique : GB1,IE4<\/p>\n<p>Protection thermique : PTC int\u00e9gr\u00e9<\/p>\n<table width=\"924\">\n<tbody>\n<tr>\n<td width=\"308\"><b>\u00a0<\/b>Vitesse de rotation<\/td>\n<td width=\"308\"><b>\u00a0<\/b>Gamme de base de la machine<\/td>\n<td width=\"308\"><b>\u00a0<\/b>Gamme de puissance<\/td>\n<\/tr>\n<tr>\n<td width=\"308\">3000\/tours par minute<\/td>\n<td width=\"308\">90-355M<\/td>\n<td width=\"308\">3kW-500kW<\/td>\n<\/tr>\n<tr>\n<td width=\"308\">1500 tours par minute<\/td>\n<td width=\"308\">90-355M<\/td>\n<td width=\"308\">3kW-500kW<\/td>\n<\/tr>\n<tr>\n<td width=\"308\">1000\/r\u00e9volutions par minute<\/td>\n<td width=\"308\">100L-355M<\/td>\n<td width=\"308\">3kW-300kW<\/td>\n<\/tr>\n<tr>\n<td width=\"308\">750 tours par minute<\/td>\n<td width=\"308\">112M-355M<\/td>\n<td width=\"308\">3kW-250kW<\/td>\n<\/tr>\n<\/tbody>\n<\/table>\n<p>L'efficacit\u00e9 \u00e9nerg\u00e9tique peut atteindre la norme GB1 ; le facteur de puissance est proche de 1<\/p>\n<p>Faible vibration ; faible bruit<\/p>\n<p>R\u00e9duire le nombre de fentes du rotor de 1 \u00e0 3 et obtenir une r\u00e9duction de poids d'environ 40% par rapport aux moteurs asynchrones de m\u00eame puissance de sortie.<\/p>\n<p>Offre une large plage de r\u00e9glage de la vitesse lorsqu'elle est \u00e9quip\u00e9e d'un convertisseur de fr\u00e9quence pour le d\u00e9marrage et le contr\u00f4le de la vitesse ; contr\u00f4le pr\u00e9cis du couple et de la vitesse<\/p>\n<p>Les pi\u00e8ces moul\u00e9es \u00e0 haute r\u00e9sistance et la pr\u00e9cision du traitement garantissent une meilleure r\u00e9sistance m\u00e9canique ; Optimiser la conception des roulements, s\u00e9lectionner des roulements de haute qualit\u00e9 et augmenter consid\u00e9rablement la dur\u00e9e de vie des roulements ; Un syst\u00e8me d'isolation \u00e0 fr\u00e9quence variable sophistiqu\u00e9 ; Le roulement a une longue dur\u00e9e de vie et peut \u00eatre lubrifi\u00e9. La dur\u00e9e de vie id\u00e9ale du roulement est de 10 ans.<\/p>\n<p>Peut \u00eatre remplac\u00e9 \u00e9galement par des moteurs asynchrones ordinaires ; La personnalisation est possible en fonction de la plate-forme ; Capacit\u00e9 de surcharge \u00e9lev\u00e9e, capacit\u00e9 de surcharge instantan\u00e9e de 2 fois<\/p>\n<p>Adoption de processus de fabrication et de normes de qualit\u00e9 de niveau automobile<\/p>","protected":false},"excerpt":{"rendered":"<p>Tension : 380V<br \/>\nIsolation : F(DT=80K)<br \/>\nNiveau de protection : IP55(IP54)<br \/>\nM\u00e9thode de refroidissement : IC411, IC416<br \/>\nEfficacit\u00e9 \u00e9nerg\u00e9tique : GB1,IE4<br \/>\nProtection thermique : PTC int\u00e9gr\u00e9<\/p>","protected":false},"featured_media":1828,"template":"","meta":[],"product_cat":[302],"product_tag":[],"class_list":["post-1614","product","type-product","status-publish","has-post-thumbnail","hentry","product_cat-servo-motors"],"_links":{"self":[{"href":"https:\/\/www.lzctechnology.com\/fr\/wp-json\/wp\/v2\/product\/1614","targetHints":{"allow":["GET"]}}],"collection":[{"href":"https:\/\/www.lzctechnology.com\/fr\/wp-json\/wp\/v2\/product"}],"about":[{"href":"https:\/\/www.lzctechnology.com\/fr\/wp-json\/wp\/v2\/types\/product"}],"wp:featuredmedia":[{"embeddable":true,"href":"https:\/\/www.lzctechnology.com\/fr\/wp-json\/wp\/v2\/media\/1828"}],"wp:attachment":[{"href":"https:\/\/www.lzctechnology.com\/fr\/wp-json\/wp\/v2\/media?parent=1614"}],"wp:term":[{"taxonomy":"product_cat","embeddable":true,"href":"https:\/\/www.lzctechnology.com\/fr\/wp-json\/wp\/v2\/product_cat?post=1614"},{"taxonomy":"product_tag","embeddable":true,"href":"https:\/\/www.lzctechnology.com\/fr\/wp-json\/wp\/v2\/product_tag?post=1614"}],"curies":[{"name":"wp","href":"https:\/\/api.w.org\/{rel}","templated":true}]}}