{"id":1618,"date":"2025-07-08T11:37:45","date_gmt":"2025-07-08T03:37:45","guid":{"rendered":"http:\/\/www.lzctechnology.com\/?post_type=product&#038;p=1618"},"modified":"2025-07-31T11:32:05","modified_gmt":"2025-07-31T03:32:05","slug":"general-single-axis","status":"publish","type":"product","link":"https:\/\/www.lzctechnology.com\/fr\/product\/general-single-axis\/","title":{"rendered":"Axe unique g\u00e9n\u00e9ral"},"content":{"rendered":"<p><strong>S\u00e9rie<\/strong><\/p>\n<p>SV660<\/p>\n<p>30W-7.5KW<\/p>\n<p>23bit Moteur MS1-A3<\/p>\n<p>&nbsp;<\/p>\n<p><strong>M\u00e9thode de contr\u00f4le <\/strong><\/p>\n<p>SV660N Type de communication EtherCAT<br \/>\nType de contr\u00f4le d'impulsion SV660P<br \/>\nSV660A Type de communication CANlink<br \/>\nSV660C Type de communication CANopen<\/p>\n<p>&nbsp;<\/p>\n<p><strong>Application<\/strong><\/p>\n<p>Piles au lithium, cristaux de silicium, automatisation 3C, panneaux \u00e0 cristaux liquides, semi-conducteurs, emballage, machines-outils, lasers, c\u00e2bles, robots, automobiles<\/p>\n<p>&nbsp;<\/p>\n<p><strong>S\u00e9rie<\/strong><\/p>\n<p>IS620<\/p>\n<p>50W-7.5KW<\/p>\n<p>23bit Moteur MS1-A3<\/p>\n<p>&nbsp;<\/p>\n<p><strong>M\u00e9thode de contr\u00f4le<\/strong><\/p>\n<p>IS620F Type de communication PROFINET<\/p>\n<p>Type de communication IS620H MechatrolinkIII<\/p>\n<p>&nbsp;<\/p>\n<p><strong>Application<\/strong><\/p>\n<p>Automobiles, logistique, emballage, machines en plastique, c\u00e2bles, cristaux de silicium, batteries au lithium, automatisation 3C, \u00e9quipement CNC<\/p>","protected":false},"excerpt":{"rendered":"<p><strong>S\u00e9rie<\/strong><\/p>\n<p>SV660<br \/>\n30W-7.5KW<br \/>\n23bit Moteur MS1-A3<br \/>\nIS620<br \/>\n50W-7.5KW<br \/>\n23bit Moteur MS1-A3<\/p>","protected":false},"featured_media":1841,"template":"","meta":[],"product_cat":[301],"product_tag":[],"class_list":["post-1618","product","type-product","status-publish","has-post-thumbnail","hentry","product_cat-servo-drives"],"_links":{"self":[{"href":"https:\/\/www.lzctechnology.com\/fr\/wp-json\/wp\/v2\/product\/1618","targetHints":{"allow":["GET"]}}],"collection":[{"href":"https:\/\/www.lzctechnology.com\/fr\/wp-json\/wp\/v2\/product"}],"about":[{"href":"https:\/\/www.lzctechnology.com\/fr\/wp-json\/wp\/v2\/types\/product"}],"wp:featuredmedia":[{"embeddable":true,"href":"https:\/\/www.lzctechnology.com\/fr\/wp-json\/wp\/v2\/media\/1841"}],"wp:attachment":[{"href":"https:\/\/www.lzctechnology.com\/fr\/wp-json\/wp\/v2\/media?parent=1618"}],"wp:term":[{"taxonomy":"product_cat","embeddable":true,"href":"https:\/\/www.lzctechnology.com\/fr\/wp-json\/wp\/v2\/product_cat?post=1618"},{"taxonomy":"product_tag","embeddable":true,"href":"https:\/\/www.lzctechnology.com\/fr\/wp-json\/wp\/v2\/product_tag?post=1618"}],"curies":[{"name":"wp","href":"https:\/\/api.w.org\/{rel}","templated":true}]}}