{"id":1621,"date":"2025-07-08T11:39:06","date_gmt":"2025-07-08T03:39:06","guid":{"rendered":"http:\/\/www.lzctechnology.com\/?post_type=product&#038;p=1621"},"modified":"2025-07-31T11:27:58","modified_gmt":"2025-07-31T03:27:58","slug":"all-round-single-axis","status":"publish","type":"product","link":"https:\/\/www.lzctechnology.com\/fr\/product\/all-round-single-axis\/","title":{"rendered":"Axe unique polyvalent"},"content":{"rendered":"<p><strong>S\u00e9rie<\/strong><\/p>\n<p>SV680<\/p>\n<p>50W-7.5KW<\/p>\n<p>Moteur 26bit MS1-A6<\/p>\n<p><strong>M\u00e9thode de contr\u00f4le<\/strong><\/p>\n<p>SV680N Type de communication EtherCAT<br \/>\nType de contr\u00f4le d'impulsion SV680P<\/p>\n<p><strong>Application<\/strong><\/p>\n<p>Machines-outils de pr\u00e9cision, lasers \u00e0 grande vitesse, semi-conducteurs, piles au lithium, \u00e9quipements d'essai, contr\u00f4le de la pression, impression<\/p>","protected":false},"excerpt":{"rendered":"<p><strong>S\u00e9rie<\/strong><\/p>\n<p>SV680<br \/>\n50W-7.5KW<br \/>\nMoteur 26bit MS1-A6<\/p>","protected":false},"featured_media":1843,"template":"","meta":[],"product_cat":[301],"product_tag":[],"class_list":["post-1621","product","type-product","status-publish","has-post-thumbnail","hentry","product_cat-servo-drives"],"_links":{"self":[{"href":"https:\/\/www.lzctechnology.com\/fr\/wp-json\/wp\/v2\/product\/1621","targetHints":{"allow":["GET"]}}],"collection":[{"href":"https:\/\/www.lzctechnology.com\/fr\/wp-json\/wp\/v2\/product"}],"about":[{"href":"https:\/\/www.lzctechnology.com\/fr\/wp-json\/wp\/v2\/types\/product"}],"wp:featuredmedia":[{"embeddable":true,"href":"https:\/\/www.lzctechnology.com\/fr\/wp-json\/wp\/v2\/media\/1843"}],"wp:attachment":[{"href":"https:\/\/www.lzctechnology.com\/fr\/wp-json\/wp\/v2\/media?parent=1621"}],"wp:term":[{"taxonomy":"product_cat","embeddable":true,"href":"https:\/\/www.lzctechnology.com\/fr\/wp-json\/wp\/v2\/product_cat?post=1621"},{"taxonomy":"product_tag","embeddable":true,"href":"https:\/\/www.lzctechnology.com\/fr\/wp-json\/wp\/v2\/product_tag?post=1621"}],"curies":[{"name":"wp","href":"https:\/\/api.w.org\/{rel}","templated":true}]}}