{"id":1630,"date":"2025-07-08T11:45:18","date_gmt":"2025-07-08T03:45:18","guid":{"rendered":"http:\/\/www.lzctechnology.com\/?post_type=product&#038;p=1630"},"modified":"2025-07-31T09:22:48","modified_gmt":"2025-07-31T01:22:48","slug":"250-1000kva","status":"publish","type":"product","link":"https:\/\/www.lzctechnology.com\/fr\/product\/250-1000kva\/","title":{"rendered":"S\u00e9rie g\u00e9n\u00e9rale HD9X 10kV : 250-1000kVA"},"content":{"rendered":"","protected":false},"excerpt":{"rendered":"","protected":false},"featured_media":1811,"template":"","meta":[],"product_cat":[22],"product_tag":[],"class_list":["post-1630","product","type-product","status-publish","has-post-thumbnail","hentry","product_cat-frequency-converter"],"_links":{"self":[{"href":"https:\/\/www.lzctechnology.com\/fr\/wp-json\/wp\/v2\/product\/1630","targetHints":{"allow":["GET"]}}],"collection":[{"href":"https:\/\/www.lzctechnology.com\/fr\/wp-json\/wp\/v2\/product"}],"about":[{"href":"https:\/\/www.lzctechnology.com\/fr\/wp-json\/wp\/v2\/types\/product"}],"wp:featuredmedia":[{"embeddable":true,"href":"https:\/\/www.lzctechnology.com\/fr\/wp-json\/wp\/v2\/media\/1811"}],"wp:attachment":[{"href":"https:\/\/www.lzctechnology.com\/fr\/wp-json\/wp\/v2\/media?parent=1630"}],"wp:term":[{"taxonomy":"product_cat","embeddable":true,"href":"https:\/\/www.lzctechnology.com\/fr\/wp-json\/wp\/v2\/product_cat?post=1630"},{"taxonomy":"product_tag","embeddable":true,"href":"https:\/\/www.lzctechnology.com\/fr\/wp-json\/wp\/v2\/product_tag?post=1630"}],"curies":[{"name":"wp","href":"https:\/\/api.w.org\/{rel}","templated":true}]}}