{"id":1755,"date":"2025-07-24T10:44:26","date_gmt":"2025-07-24T02:44:26","guid":{"rendered":"https:\/\/www.lzctechnology.com\/?post_type=product&#038;p=1755"},"modified":"2025-07-31T10:46:22","modified_gmt":"2025-07-31T02:46:22","slug":"md810-engineering-model-small-multi-drive-frequency-converter","status":"publish","type":"product","link":"https:\/\/www.lzctechnology.com\/fr\/product\/md810-engineering-model-small-multi-drive-frequency-converter\/","title":{"rendered":"MD810 Mod\u00e8le d'ing\u00e9nierie Petit convertisseur de fr\u00e9quence \u00e0 entra\u00eenement multiple"},"content":{"rendered":"<p>inverter unit power: 1.5\uff5e355kW\uff08single axis\uff09\/1.5\uff5e18.5KW\uff08biaxial\uff09<\/p>\n<p>rectifier unit power: 22\uff5e355kW<\/p>\n<p>Full bus support: EtherCAT, Profinet, Profibus-DP, CANopen, Modbus, etc.<\/p>\n<p>Support multiple encoder types: differential, rotary, 23-bit, positive and negative cosine, etc.<\/p>\n<p>The common DC bus design for efficient power distribution enhances the system\u2019s electrical efficiency and achieves energy savings of 5% to 30%<\/p>\n<p>The design of the high-level deep book-type modules enables compact side-by-side installation, resulting in high utilization rate of the cabinet<\/p>\n<p>The footprint is small, and the electrical integration into a cabinet enables mobile onboard operation<\/p>\n<p>Adaptive debugging, one-network connection, complete line debugging completed in 5 minutes<\/p>\n<p>Standard software integrates more than 10 advanced technologies such as tension control, synchronization control, and positioning control<\/p>\n<p>The integration of frequency conversion and servo technology enables 1 revolution to achieve 8 million pulses of absolute value positioning control<\/p>","protected":false},"excerpt":{"rendered":"<p>inverter unit power: 1.5\uff5e355kW\uff08single axis\uff09\/1.5\uff5e18.5KW\uff08biaxial\uff09 rectifier unit power: 22\uff5e355kW Full bus support: EtherCAT, Profinet, Profibus-DP, CANopen, Modbus, etc. Support multiple<\/p>","protected":false},"featured_media":1824,"template":"","meta":[],"product_cat":[22],"product_tag":[],"class_list":["post-1755","product","type-product","status-publish","has-post-thumbnail","hentry","product_cat-frequency-converter"],"_links":{"self":[{"href":"https:\/\/www.lzctechnology.com\/fr\/wp-json\/wp\/v2\/product\/1755","targetHints":{"allow":["GET"]}}],"collection":[{"href":"https:\/\/www.lzctechnology.com\/fr\/wp-json\/wp\/v2\/product"}],"about":[{"href":"https:\/\/www.lzctechnology.com\/fr\/wp-json\/wp\/v2\/types\/product"}],"wp:featuredmedia":[{"embeddable":true,"href":"https:\/\/www.lzctechnology.com\/fr\/wp-json\/wp\/v2\/media\/1824"}],"wp:attachment":[{"href":"https:\/\/www.lzctechnology.com\/fr\/wp-json\/wp\/v2\/media?parent=1755"}],"wp:term":[{"taxonomy":"product_cat","embeddable":true,"href":"https:\/\/www.lzctechnology.com\/fr\/wp-json\/wp\/v2\/product_cat?post=1755"},{"taxonomy":"product_tag","embeddable":true,"href":"https:\/\/www.lzctechnology.com\/fr\/wp-json\/wp\/v2\/product_tag?post=1755"}],"curies":[{"name":"wp","href":"https:\/\/api.w.org\/{rel}","templated":true}]}}